{"id":104,"date":"2022-07-04T13:53:50","date_gmt":"2022-07-04T11:53:50","guid":{"rendered":"https:\/\/shift-f3.com\/?page_id=104"},"modified":"2022-07-04T13:53:50","modified_gmt":"2022-07-04T11:53:50","slug":"impressum","status":"publish","type":"page","link":"https:\/\/shift-f3.com\/index.php\/impressum\/","title":{"rendered":"Impressum"},"content":{"rendered":"<p>[et_pb_section fb_built=&#8220;1&#8243; admin_label=&#8220;Header&#8220; _builder_version=&#8220;4.17.4&#8243; _module_preset=&#8220;default&#8220; background_image=&#8220;https:\/\/shift-f3.com\/wp-content\/uploads\/2022\/07\/contact-section-background.jpg&#8220; custom_margin=&#8220;||||false|false&#8220; custom_padding=&#8220;0px||0px||false|false&#8220; global_colors_info=&#8220;{}&#8220; theme_builder_area=&#8220;post_content&#8220;][et_pb_row column_structure=&#8220;3_4,1_4&#8243; _builder_version=&#8220;4.16&#8243; _module_preset=&#8220;default&#8220; custom_padding=&#8220;0px||0px||true|false&#8220; box_shadow_style=&#8220;preset4&#8243; box_shadow_horizontal=&#8220;-30vw&#8220; box_shadow_vertical=&#8220;0px&#8220; box_shadow_color=&#8220;#ffffff&#8220; global_colors_info=&#8220;{}&#8220; theme_builder_area=&#8220;post_content&#8220;][et_pb_column type=&#8220;3_4&#8243; _builder_version=&#8220;4.16&#8243; _module_preset=&#8220;default&#8220; background_color=&#8220;#ffffff&#8220; custom_padding=&#8220;60px||160px||false|false&#8220; custom_padding_tablet=&#8220;||20px||false|false&#8220; custom_padding_phone=&#8220;&#8220; custom_padding_last_edited=&#8220;on|phone&#8220; global_colors_info=&#8220;{}&#8220; theme_builder_area=&#8220;post_content&#8220;][et_pb_text _builder_version=&#8220;4.17.4&#8243; _module_preset=&#8220;default&#8220; header_font=&#8220;Bebas Neue||||||||&#8220; header_font_size=&#8220;150px&#8220; header_line_height=&#8220;0.9em&#8220; hover_enabled=&#8220;0&#8243; header_font_size_tablet=&#8220;80px&#8220; header_font_size_phone=&#8220;48px&#8220; header_font_size_last_edited=&#8220;on|tablet&#8220; header_line_height_tablet=&#8220;1em&#8220; header_line_height_phone=&#8220;&#8220; header_line_height_last_edited=&#8220;on|desktop&#8220; global_colors_info=&#8220;{}&#8220; theme_builder_area=&#8220;post_content&#8220; sticky_enabled=&#8220;0&#8243;]<\/p>\n<h1>Impressum<\/h1>\n<p>[\/et_pb_text][\/et_pb_column][et_pb_column type=&#8220;1_4&#8243; _builder_version=&#8220;4.16&#8243; _module_preset=&#8220;default&#8220; custom_padding_tablet=&#8220;50px||||false|false&#8220; custom_padding_phone=&#8220;&#8220; custom_padding_last_edited=&#8220;on|desktop&#8220; global_colors_info=&#8220;{}&#8220; theme_builder_area=&#8220;post_content&#8220;][\/et_pb_column][\/et_pb_row][et_pb_row column_structure=&#8220;1_2,1_2&#8243; _builder_version=&#8220;4.16&#8243; _module_preset=&#8220;default&#8220; background_color=&#8220;#f6f6f6&#8243; custom_padding=&#8220;0px||0px|||&#8220; box_shadow_style=&#8220;preset4&#8243; box_shadow_horizontal=&#8220;-30vw&#8220; box_shadow_vertical=&#8220;0px&#8220; box_shadow_color=&#8220;#f6f6f6&#8243; global_colors_info=&#8220;{}&#8220; theme_builder_area=&#8220;post_content&#8220;][et_pb_column type=&#8220;1_2&#8243; _builder_version=&#8220;4.16&#8243; _module_preset=&#8220;default&#8220; global_colors_info=&#8220;{}&#8220; theme_builder_area=&#8220;post_content&#8220;][\/et_pb_column][et_pb_column type=&#8220;1_2&#8243; _builder_version=&#8220;4.16&#8243; _module_preset=&#8220;default&#8220; global_colors_info=&#8220;{}&#8220; theme_builder_area=&#8220;post_content&#8220;][et_pb_image src=&#8220;https:\/\/shift-f3.com\/wp-content\/uploads\/2022\/07\/laptopandbusiness.jpg&#8220; title_text=&#8220;laptopandbusiness&#8220; _builder_version=&#8220;4.17.4&#8243; _module_preset=&#8220;default&#8220; global_colors_info=&#8220;{}&#8220; theme_builder_area=&#8220;post_content&#8220;][\/et_pb_image][\/et_pb_column][\/et_pb_row][\/et_pb_section][et_pb_section fb_built=&#8220;1&#8243; admin_label=&#8220;About&#8220; _builder_version=&#8220;4.16&#8243; _module_preset=&#8220;default&#8220; background_enable_color=&#8220;off&#8220; use_background_color_gradient=&#8220;on&#8220; background_color_gradient_stops=&#8220;#f6f6f6 0%|#ffffff 100%&#8220; background_color_gradient_start=&#8220;#f6f6f6&#8243; background_color_gradient_end=&#8220;#ffffff&#8220; custom_padding=&#8220;0px||0px||true|false&#8220; global_colors_info=&#8220;{}&#8220; theme_builder_area=&#8220;post_content&#8220;][et_pb_row column_structure=&#8220;3_5,2_5&#8243; _builder_version=&#8220;4.16&#8243; _module_preset=&#8220;default&#8220; custom_padding=&#8220;||128px|||&#8220; global_colors_info=&#8220;{}&#8220; theme_builder_area=&#8220;post_content&#8220;][et_pb_column type=&#8220;3_5&#8243; _builder_version=&#8220;4.16&#8243; _module_preset=&#8220;default&#8220; global_colors_info=&#8220;{}&#8220; theme_builder_area=&#8220;post_content&#8220;][et_pb_text _builder_version=&#8220;4.17.4&#8243; _module_preset=&#8220;default&#8220; text_font=&#8220;||||||||&#8220; text_font_size=&#8220;16px&#8220; text_line_height=&#8220;1.8em&#8220; hover_enabled=&#8220;0&#8243; text_font_size_tablet=&#8220;&#8220; text_font_size_phone=&#8220;14px&#8220; text_font_size_last_edited=&#8220;on|phone&#8220; global_colors_info=&#8220;{}&#8220; theme_builder_area=&#8220;post_content&#8220; sticky_enabled=&#8220;0&#8243;]<\/p>\n<div class=\"col-lg-4 wrap css-43etpe envvbcf0\"><b>shift-f3<\/b><\/p>\n<p>Ing.-B\u00fcro Friedrich<br \/>Harald Friedrich<br \/>Fuldaerstra\u00dfe 20<br \/>36124 Eichenzell<\/p>\n<p>Am Rh\u00f6nbad 5<br \/>36043 Fulda<br \/>Deutschland<\/p>\n<p>Tel.: 06659 919-457<br \/>info@shift-f3.com<br \/>www.shift-f3.com<\/p>\n<p>Umsatzsteuer-Identifikationsnummer<br \/>gem\u00e4\u00df \u00a7 27 a Umsatzsteuergesetz:<br \/>DE &#8211; 11 23 42 909<\/p>\n<p>Genossenschaftsbank Fulda, Bahnhofstrasse 1,<br \/>D-36037 Fulda, Deutschland<br \/>IBAN: DE13530601800002004135,<br \/>BIC (SWIFT): GENODE51FUL<\/div>\n<p>[\/et_pb_text][\/et_pb_column][et_pb_column type=&#8220;2_5&#8243; _builder_version=&#8220;4.16&#8243; _module_preset=&#8220;default&#8220; global_colors_info=&#8220;{}&#8220; theme_builder_area=&#8220;post_content&#8220;][\/et_pb_column][\/et_pb_row][\/et_pb_section][et_pb_section fb_built=&#8220;1&#8243; admin_label=&#8220;Footer&#8220; module_id=&#8220;kontakt&#8220; _builder_version=&#8220;4.17.4&#8243; _module_preset=&#8220;default&#8220; background_color=&#8220;#000000&#8243; global_module=&#8220;101&#8243; global_colors_info=&#8220;{}&#8220; theme_builder_area=&#8220;post_content&#8220;][et_pb_row column_structure=&#8220;3_5,2_5&#8243; _builder_version=&#8220;4.17.4&#8243; _module_preset=&#8220;default&#8220; global_colors_info=&#8220;{}&#8220; theme_builder_area=&#8220;post_content&#8220;][et_pb_column type=&#8220;3_5&#8243; _builder_version=&#8220;4.17.4&#8243; _module_preset=&#8220;default&#8220; border_color_all=&#8220;RGBA(255,255,255,0)&#8220; box_shadow_style=&#8220;preset4&#8243; box_shadow_horizontal=&#8220;-25px&#8220; box_shadow_vertical=&#8220;30px&#8220; box_shadow_color=&#8220;gcid-bc0d6ecf-0686-4810-a6ea-b865d8364ceb&#8220; global_colors_info=&#8220;{%22gcid-bc0d6ecf-0686-4810-a6ea-b865d8364ceb%22:%91%22box_shadow_color%22%93}&#8220; theme_builder_area=&#8220;post_content&#8220;][et_pb_code _builder_version=&#8220;4.17.4&#8243; _module_preset=&#8220;default&#8220; filter_saturate=&#8220;0%&#8220; global_colors_info=&#8220;{}&#8220; theme_builder_area=&#8220;post_content&#8220;]<iframe loading=\"lazy\" src=\"https:\/\/www.google.com\/maps\/embed?pb=!1m18!1m12!1m3!1d2536.993993134596!2d9.672793616029203!3d50.515678579484465!2m3!1f0!2f0!3f0!3m2!1i1024!2i768!4f13.1!3m3!1m2!1s0x47a3315ab71ab591%3A0xbfa200f22fec6a41!2sAm%20Rh%C3%B6nbad%205%2C%2036043%20Fulda!5e0!3m2!1sde!2sde!4v1631887516547!5m2!1sde!2sde\" width=\"1200\" height=\"500\" allowfullscreen=\"\" title=\"karte\"><\/iframe>[\/et_pb_code][\/et_pb_column][et_pb_column type=&#8220;2_5&#8243; _builder_version=&#8220;4.16&#8243; _module_preset=&#8220;default&#8220; global_colors_info=&#8220;{}&#8220; theme_builder_area=&#8220;post_content&#8220;][et_pb_text _builder_version=&#8220;4.17.4&#8243; _module_preset=&#8220;default&#8220; text_font=&#8220;Bebas Neue||||||||&#8220; text_text_color=&#8220;#ffffff&#8220; text_font_size=&#8220;40px&#8220; text_letter_spacing=&#8220;0.05em&#8220; text_line_height=&#8220;1.2em&#8220; link_text_color=&#8220;gcid-3b93bca7-5d67-4df1-944e-76efbf6baef3&#8243; header_3_font=&#8220;Bebas Neue||||||||&#8220; header_3_text_color=&#8220;rgba(255,255,255,0.48)&#8220; custom_padding=&#8220;40px|||||&#8220; text_font_size_tablet=&#8220;30px&#8220; text_font_size_phone=&#8220;22px&#8220; text_font_size_last_edited=&#8220;on|tablet&#8220; global_colors_info=&#8220;{%22gcid-3b93bca7-5d67-4df1-944e-76efbf6baef3%22:%91%22link_text_color%22%93}&#8220; theme_builder_area=&#8220;post_content&#8220;]<\/p>\n<h3>Adresse<\/h3>\n<p><a href=\"https:\/\/goo.gl\/maps\/VF8agpJGWLfZyxJP9\">Am Rh\u00f6nbad 5, 36043 Fulda \/ Bronnzell<\/a><\/p>\n<p>[\/et_pb_text][et_pb_text _builder_version=&#8220;4.17.4&#8243; _module_preset=&#8220;default&#8220; text_font=&#8220;Bebas Neue||||||||&#8220; text_text_color=&#8220;#ffffff&#8220; text_font_size=&#8220;40px&#8220; text_letter_spacing=&#8220;0.05em&#8220; text_line_height=&#8220;1.2em&#8220; link_text_color=&#8220;gcid-3b93bca7-5d67-4df1-944e-76efbf6baef3&#8243; header_3_font=&#8220;Bebas Neue||||||||&#8220; header_3_text_color=&#8220;rgba(255,255,255,0.48)&#8220; text_font_size_tablet=&#8220;30px&#8220; text_font_size_phone=&#8220;22px&#8220; text_font_size_last_edited=&#8220;on|tablet&#8220; global_colors_info=&#8220;{%22gcid-3b93bca7-5d67-4df1-944e-76efbf6baef3%22:%91%22link_text_color%22%93}&#8220; theme_builder_area=&#8220;post_content&#8220;]<\/p>\n<h3>FON<\/h3>\n<p><a href=\"tel:06659 919-457\">06659 919-457<\/a><\/p>\n<p>[\/et_pb_text][et_pb_text _builder_version=&#8220;4.17.4&#8243; _module_preset=&#8220;default&#8220; text_font=&#8220;Bebas Neue||||||||&#8220; text_text_color=&#8220;#ffffff&#8220; text_font_size=&#8220;40px&#8220; text_letter_spacing=&#8220;0.05em&#8220; text_line_height=&#8220;1.2em&#8220; link_text_color=&#8220;gcid-bc0d6ecf-0686-4810-a6ea-b865d8364ceb&#8220; header_3_font=&#8220;Bebas Neue||||||||&#8220; header_3_text_color=&#8220;rgba(255,255,255,0.48)&#8220; text_font_size_tablet=&#8220;30px&#8220; text_font_size_phone=&#8220;22px&#8220; text_font_size_last_edited=&#8220;on|tablet&#8220; global_colors_info=&#8220;{%22gcid-bc0d6ecf-0686-4810-a6ea-b865d8364ceb%22:%91%22link_text_color%22%93}&#8220; theme_builder_area=&#8220;post_content&#8220;]<\/p>\n<h3>Email<\/h3>\n<p><a href=\"mailto:hallo@shift-f3.com\">hallo@shift-f3.com<\/a><\/p>\n<p>[\/et_pb_text][et_pb_social_media_follow _builder_version=&#8220;4.17.4&#8243; _module_preset=&#8220;default&#8220; global_colors_info=&#8220;{}&#8220; body_font_size_tablet=&#8220;20px&#8220; body_font_size_phone=&#8220;16px&#8220; body_font_size_last_edited=&#8220;on|phone&#8220; icon_color__hover_enabled=&#8220;on|hover&#8220; icon_color__hover=&#8220;#ea3900&#8243; theme_builder_area=&#8220;post_content&#8220;][et_pb_social_media_follow_network social_network=&#8220;instagram&#8220; url=&#8220;https:\/\/www.instagram.com\/shiftf3_agentur\/?hl=de&#8220; _builder_version=&#8220;4.17.4&#8243; _module_preset=&#8220;default&#8220; background_color=&#8220;RGBA(255,255,255,0)&#8220; background_enable_color=&#8220;on&#8220; global_colors_info=&#8220;{}&#8220; theme_builder_area=&#8220;post_content&#8220; follow_button=&#8220;off&#8220; url_new_window=&#8220;on&#8220;]instagram[\/et_pb_social_media_follow_network][et_pb_social_media_follow_network social_network=&#8220;facebook&#8220; url=&#8220;https:\/\/www.facebook.com\/Shift-f3-103609687653356\/&#8220; _builder_version=&#8220;4.17.4&#8243; _module_preset=&#8220;default&#8220; background_enable_color=&#8220;off&#8220; global_colors_info=&#8220;{}&#8220; theme_builder_area=&#8220;post_content&#8220; follow_button=&#8220;off&#8220; url_new_window=&#8220;on&#8220;]facebook[\/et_pb_social_media_follow_network][\/et_pb_social_media_follow][\/et_pb_column][\/et_pb_row][\/et_pb_section]<\/p>\n","protected":false},"excerpt":{"rendered":"<p>Impressumshift-f3Ing.-B\u00fcro FriedrichHarald FriedrichFuldaerstra\u00dfe 2036124 EichenzellAm Rh\u00f6nbad 536043 FuldaDeutschlandTel.: 06659 919-457info@shift-f3.comwww.shift-f3.comUmsatzsteuer-Identifikationsnummergem\u00e4\u00df \u00a7 27 a Umsatzsteuergesetz:DE &#8211; 11 23 42 909Genossenschaftsbank Fulda, Bahnhofstrasse 1,D-36037 Fulda, DeutschlandIBAN: DE13530601800002004135,BIC (SWIFT): GENODE51FULAdresse Am Rh\u00f6nbad 5, 36043 Fulda \/ BronnzellFON 06659 919-457Email hallo@shift-f3.com<\/p>\n","protected":false},"author":1,"featured_media":0,"parent":0,"menu_order":0,"comment_status":"closed","ping_status":"closed","template":"","meta":{"_et_pb_use_builder":"on","_et_pb_old_content":"","_et_gb_content_width":"","footnotes":""},"class_list":["post-104","page","type-page","status-publish","hentry"],"yoast_head":"<!-- This site is optimized with the Yoast SEO plugin v27.4 - https:\/\/yoast.com\/product\/yoast-seo-wordpress\/ -->\n<title>Impressum - shift-f3 \/\/ fullservice werbeagentur<\/title>\n<meta name=\"robots\" content=\"index, follow, max-snippet:-1, max-image-preview:large, max-video-preview:-1\" \/>\n<link rel=\"canonical\" href=\"https:\/\/shift-f3.com\/index.php\/impressum\/\" \/>\n<meta property=\"og:locale\" content=\"de_DE\" \/>\n<meta property=\"og:type\" content=\"article\" \/>\n<meta property=\"og:title\" content=\"Impressum - shift-f3 \/\/ fullservice werbeagentur\" \/>\n<meta property=\"og:description\" content=\"Impressumshift-f3Ing.-B\u00fcro FriedrichHarald FriedrichFuldaerstra\u00dfe 2036124 EichenzellAm Rh\u00f6nbad 536043 FuldaDeutschlandTel.: 06659 919-457info@shift-f3.comwww.shift-f3.comUmsatzsteuer-Identifikationsnummergem\u00e4\u00df \u00a7 27 a Umsatzsteuergesetz:DE - 11 23 42 909Genossenschaftsbank Fulda, Bahnhofstrasse 1,D-36037 Fulda, DeutschlandIBAN: DE13530601800002004135,BIC (SWIFT): GENODE51FULAdresse Am Rh\u00f6nbad 5, 36043 Fulda \/ BronnzellFON 06659 919-457Email hallo@shift-f3.com\" \/>\n<meta property=\"og:url\" content=\"https:\/\/shift-f3.com\/index.php\/impressum\/\" \/>\n<meta property=\"og:site_name\" content=\"shift-f3 \/\/ fullservice werbeagentur\" \/>\n<meta property=\"article:publisher\" content=\"https:\/\/www.facebook.com\/Shift-f3-103609687653356\" \/>\n<meta name=\"twitter:card\" content=\"summary_large_image\" \/>\n<meta name=\"twitter:label1\" content=\"Gesch\u00e4tzte Lesezeit\" \/>\n\t<meta name=\"twitter:data1\" content=\"6\u00a0Minuten\" \/>\n<script type=\"application\/ld+json\" class=\"yoast-schema-graph\">{\"@context\":\"https:\\\/\\\/schema.org\",\"@graph\":[{\"@type\":\"WebPage\",\"@id\":\"https:\\\/\\\/shift-f3.com\\\/index.php\\\/impressum\\\/\",\"url\":\"https:\\\/\\\/shift-f3.com\\\/index.php\\\/impressum\\\/\",\"name\":\"Impressum - shift-f3 \\\/\\\/ fullservice werbeagentur\",\"isPartOf\":{\"@id\":\"https:\\\/\\\/shift-f3.com\\\/#website\"},\"datePublished\":\"2022-07-04T11:53:50+00:00\",\"breadcrumb\":{\"@id\":\"https:\\\/\\\/shift-f3.com\\\/index.php\\\/impressum\\\/#breadcrumb\"},\"inLanguage\":\"de\",\"potentialAction\":[{\"@type\":\"ReadAction\",\"target\":[\"https:\\\/\\\/shift-f3.com\\\/index.php\\\/impressum\\\/\"]}]},{\"@type\":\"BreadcrumbList\",\"@id\":\"https:\\\/\\\/shift-f3.com\\\/index.php\\\/impressum\\\/#breadcrumb\",\"itemListElement\":[{\"@type\":\"ListItem\",\"position\":1,\"name\":\"Startseite\",\"item\":\"https:\\\/\\\/shift-f3.com\\\/\"},{\"@type\":\"ListItem\",\"position\":2,\"name\":\"Impressum\"}]},{\"@type\":\"WebSite\",\"@id\":\"https:\\\/\\\/shift-f3.com\\\/#website\",\"url\":\"https:\\\/\\\/shift-f3.com\\\/\",\"name\":\"shift-f3 \\\/\\\/ fullservice werbeagentur\",\"description\":\"web- und grafikdesign in und aus fulda\",\"publisher\":{\"@id\":\"https:\\\/\\\/shift-f3.com\\\/#organization\"},\"potentialAction\":[{\"@type\":\"SearchAction\",\"target\":{\"@type\":\"EntryPoint\",\"urlTemplate\":\"https:\\\/\\\/shift-f3.com\\\/?s={search_term_string}\"},\"query-input\":{\"@type\":\"PropertyValueSpecification\",\"valueRequired\":true,\"valueName\":\"search_term_string\"}}],\"inLanguage\":\"de\"},{\"@type\":\"Organization\",\"@id\":\"https:\\\/\\\/shift-f3.com\\\/#organization\",\"name\":\"shift-f3 \\\/ fullservice werbeagentur aus fulda\",\"url\":\"https:\\\/\\\/shift-f3.com\\\/\",\"logo\":{\"@type\":\"ImageObject\",\"inLanguage\":\"de\",\"@id\":\"https:\\\/\\\/shift-f3.com\\\/#\\\/schema\\\/logo\\\/image\\\/\",\"url\":\"https:\\\/\\\/shift-f3.com\\\/wp-content\\\/uploads\\\/2022\\\/07\\\/ogimage.png\",\"contentUrl\":\"https:\\\/\\\/shift-f3.com\\\/wp-content\\\/uploads\\\/2022\\\/07\\\/ogimage.png\",\"width\":2040,\"height\":1071,\"caption\":\"shift-f3 \\\/ fullservice werbeagentur aus fulda\"},\"image\":{\"@id\":\"https:\\\/\\\/shift-f3.com\\\/#\\\/schema\\\/logo\\\/image\\\/\"},\"sameAs\":[\"https:\\\/\\\/www.facebook.com\\\/Shift-f3-103609687653356\",\"https:\\\/\\\/www.instagram.com\\\/shiftf3_agentur\\\/\"]}]}<\/script>\n<!-- \/ Yoast SEO plugin. -->","yoast_head_json":{"title":"Impressum - shift-f3 \/\/ fullservice werbeagentur","robots":{"index":"index","follow":"follow","max-snippet":"max-snippet:-1","max-image-preview":"max-image-preview:large","max-video-preview":"max-video-preview:-1"},"canonical":"https:\/\/shift-f3.com\/index.php\/impressum\/","og_locale":"de_DE","og_type":"article","og_title":"Impressum - shift-f3 \/\/ fullservice werbeagentur","og_description":"Impressumshift-f3Ing.-B\u00fcro FriedrichHarald FriedrichFuldaerstra\u00dfe 2036124 EichenzellAm Rh\u00f6nbad 536043 FuldaDeutschlandTel.: 06659 919-457info@shift-f3.comwww.shift-f3.comUmsatzsteuer-Identifikationsnummergem\u00e4\u00df \u00a7 27 a Umsatzsteuergesetz:DE - 11 23 42 909Genossenschaftsbank Fulda, Bahnhofstrasse 1,D-36037 Fulda, DeutschlandIBAN: DE13530601800002004135,BIC (SWIFT): GENODE51FULAdresse Am Rh\u00f6nbad 5, 36043 Fulda \/ BronnzellFON 06659 919-457Email hallo@shift-f3.com","og_url":"https:\/\/shift-f3.com\/index.php\/impressum\/","og_site_name":"shift-f3 \/\/ fullservice werbeagentur","article_publisher":"https:\/\/www.facebook.com\/Shift-f3-103609687653356","twitter_card":"summary_large_image","twitter_misc":{"Gesch\u00e4tzte Lesezeit":"6\u00a0Minuten"},"schema":{"@context":"https:\/\/schema.org","@graph":[{"@type":"WebPage","@id":"https:\/\/shift-f3.com\/index.php\/impressum\/","url":"https:\/\/shift-f3.com\/index.php\/impressum\/","name":"Impressum - shift-f3 \/\/ fullservice werbeagentur","isPartOf":{"@id":"https:\/\/shift-f3.com\/#website"},"datePublished":"2022-07-04T11:53:50+00:00","breadcrumb":{"@id":"https:\/\/shift-f3.com\/index.php\/impressum\/#breadcrumb"},"inLanguage":"de","potentialAction":[{"@type":"ReadAction","target":["https:\/\/shift-f3.com\/index.php\/impressum\/"]}]},{"@type":"BreadcrumbList","@id":"https:\/\/shift-f3.com\/index.php\/impressum\/#breadcrumb","itemListElement":[{"@type":"ListItem","position":1,"name":"Startseite","item":"https:\/\/shift-f3.com\/"},{"@type":"ListItem","position":2,"name":"Impressum"}]},{"@type":"WebSite","@id":"https:\/\/shift-f3.com\/#website","url":"https:\/\/shift-f3.com\/","name":"shift-f3 \/\/ fullservice werbeagentur","description":"web- und grafikdesign in und aus fulda","publisher":{"@id":"https:\/\/shift-f3.com\/#organization"},"potentialAction":[{"@type":"SearchAction","target":{"@type":"EntryPoint","urlTemplate":"https:\/\/shift-f3.com\/?s={search_term_string}"},"query-input":{"@type":"PropertyValueSpecification","valueRequired":true,"valueName":"search_term_string"}}],"inLanguage":"de"},{"@type":"Organization","@id":"https:\/\/shift-f3.com\/#organization","name":"shift-f3 \/ fullservice werbeagentur aus fulda","url":"https:\/\/shift-f3.com\/","logo":{"@type":"ImageObject","inLanguage":"de","@id":"https:\/\/shift-f3.com\/#\/schema\/logo\/image\/","url":"https:\/\/shift-f3.com\/wp-content\/uploads\/2022\/07\/ogimage.png","contentUrl":"https:\/\/shift-f3.com\/wp-content\/uploads\/2022\/07\/ogimage.png","width":2040,"height":1071,"caption":"shift-f3 \/ fullservice werbeagentur aus fulda"},"image":{"@id":"https:\/\/shift-f3.com\/#\/schema\/logo\/image\/"},"sameAs":["https:\/\/www.facebook.com\/Shift-f3-103609687653356","https:\/\/www.instagram.com\/shiftf3_agentur\/"]}]}},"_links":{"self":[{"href":"https:\/\/shift-f3.com\/index.php\/wp-json\/wp\/v2\/pages\/104","targetHints":{"allow":["GET"]}}],"collection":[{"href":"https:\/\/shift-f3.com\/index.php\/wp-json\/wp\/v2\/pages"}],"about":[{"href":"https:\/\/shift-f3.com\/index.php\/wp-json\/wp\/v2\/types\/page"}],"author":[{"embeddable":true,"href":"https:\/\/shift-f3.com\/index.php\/wp-json\/wp\/v2\/users\/1"}],"replies":[{"embeddable":true,"href":"https:\/\/shift-f3.com\/index.php\/wp-json\/wp\/v2\/comments?post=104"}],"version-history":[{"count":2,"href":"https:\/\/shift-f3.com\/index.php\/wp-json\/wp\/v2\/pages\/104\/revisions"}],"predecessor-version":[{"id":107,"href":"https:\/\/shift-f3.com\/index.php\/wp-json\/wp\/v2\/pages\/104\/revisions\/107"}],"wp:attachment":[{"href":"https:\/\/shift-f3.com\/index.php\/wp-json\/wp\/v2\/media?parent=104"}],"curies":[{"name":"wp","href":"https:\/\/api.w.org\/{rel}","templated":true}]}}